{"id":78,"date":"2022-01-31T20:20:23","date_gmt":"2022-01-31T20:20:23","guid":{"rendered":"https:\/\/saboresgloriosos.com\/?post_type=product&#038;p=78"},"modified":"2025-12-06T22:58:59","modified_gmt":"2025-12-06T22:58:59","slug":"mini-twins","status":"publish","type":"product","link":"https:\/\/saboresgloriosos.com\/en\/product\/mini-twins\/","title":{"rendered":"Mini Twins"},"content":{"rendered":"","protected":false},"excerpt":{"rendered":"<p><b>(For 2 persons)<\/b><\/p>\n<p>Because one is not enough. Because you always have one more just in case. Because you never know who might show up anannounced. Whatever the reason, we'll give you one more: the price. <b>Mini Twins<\/b>. Twice as glorious.<\/p>","protected":false},"featured_media":775,"comment_status":"open","ping_status":"closed","template":"","meta":{"nf_dc_page":"","om_disable_all_campaigns":false,"_monsterinsights_skip_tracking":false,"_monsterinsights_sitenote_active":false,"_monsterinsights_sitenote_note":"","_monsterinsights_sitenote_category":0},"product_brand":[],"product_cat":[19],"product_tag":[],"class_list":{"0":"post-78","1":"product","2":"type-product","3":"status-publish","4":"has-post-thumbnail","6":"product_cat-postre","8":"first","9":"instock","10":"shipping-taxable","11":"purchasable","12":"product-type-simple"},"yoast_head":"<!-- This site is optimized with the Yoast SEO plugin v27.5 - https:\/\/yoast.com\/product\/yoast-seo-wordpress\/ -->\n<title>Mini Twins -<\/title>\n<meta name=\"robots\" content=\"index, follow, max-snippet:-1, max-image-preview:large, max-video-preview:-1\" \/>\n<link rel=\"canonical\" href=\"https:\/\/saboresgloriosos.com\/en\/product\/mini-twins\/\" \/>\n<meta property=\"og:locale\" content=\"en_US\" \/>\n<meta property=\"og:type\" content=\"article\" \/>\n<meta property=\"og:title\" content=\"Mini Twins -\" \/>\n<meta property=\"og:description\" content=\"(Para 2 personas)  Porque uno no es suficiente. Porque siempre hay que tener otro de repuesto. Porque nunca se sabe qui\u00e9n pueda aparecerse de sorpresa. Cualquiera sea la raz\u00f3n, te damos una m\u00e1s: el precio. Mini Twins. Gloriosos por partida doble.\" \/>\n<meta property=\"og:url\" content=\"https:\/\/saboresgloriosos.com\/en\/product\/mini-twins\/\" \/>\n<meta property=\"article:modified_time\" content=\"2025-12-06T22:58:59+00:00\" \/>\n<meta property=\"og:image\" content=\"https:\/\/i0.wp.com\/saboresgloriosos.com\/wp-content\/uploads\/2022\/02\/Mini-Twins-Cantidad.jpg?fit=1080%2C1080&ssl=1\" \/>\n\t<meta property=\"og:image:width\" content=\"1080\" \/>\n\t<meta property=\"og:image:height\" content=\"1080\" \/>\n\t<meta property=\"og:image:type\" content=\"image\/jpeg\" \/>\n<meta name=\"twitter:card\" content=\"summary_large_image\" \/>\n<script type=\"application\/ld+json\" class=\"yoast-schema-graph\">{\"@context\":\"https:\\\/\\\/schema.org\",\"@graph\":[{\"@type\":\"WebPage\",\"@id\":\"https:\\\/\\\/saboresgloriosos.com\\\/es\\\/product\\\/mini-twins\\\/\",\"url\":\"https:\\\/\\\/saboresgloriosos.com\\\/es\\\/product\\\/mini-twins\\\/\",\"name\":\"Mini Twins -\",\"isPartOf\":{\"@id\":\"https:\\\/\\\/saboresgloriosos.com\\\/en\\\/#website\"},\"primaryImageOfPage\":{\"@id\":\"https:\\\/\\\/saboresgloriosos.com\\\/es\\\/product\\\/mini-twins\\\/#primaryimage\"},\"image\":{\"@id\":\"https:\\\/\\\/saboresgloriosos.com\\\/es\\\/product\\\/mini-twins\\\/#primaryimage\"},\"thumbnailUrl\":\"https:\\\/\\\/i0.wp.com\\\/saboresgloriosos.com\\\/wp-content\\\/uploads\\\/2022\\\/02\\\/Mini-Twins-Cantidad.jpg?fit=1080%2C1080&ssl=1\",\"datePublished\":\"2022-01-31T20:20:23+00:00\",\"dateModified\":\"2025-12-06T22:58:59+00:00\",\"breadcrumb\":{\"@id\":\"https:\\\/\\\/saboresgloriosos.com\\\/es\\\/product\\\/mini-twins\\\/#breadcrumb\"},\"inLanguage\":\"en-US\",\"potentialAction\":[{\"@type\":\"ReadAction\",\"target\":[\"https:\\\/\\\/saboresgloriosos.com\\\/es\\\/product\\\/mini-twins\\\/\"]}]},{\"@type\":\"ImageObject\",\"inLanguage\":\"en-US\",\"@id\":\"https:\\\/\\\/saboresgloriosos.com\\\/es\\\/product\\\/mini-twins\\\/#primaryimage\",\"url\":\"https:\\\/\\\/i0.wp.com\\\/saboresgloriosos.com\\\/wp-content\\\/uploads\\\/2022\\\/02\\\/Mini-Twins-Cantidad.jpg?fit=1080%2C1080&ssl=1\",\"contentUrl\":\"https:\\\/\\\/i0.wp.com\\\/saboresgloriosos.com\\\/wp-content\\\/uploads\\\/2022\\\/02\\\/Mini-Twins-Cantidad.jpg?fit=1080%2C1080&ssl=1\",\"width\":1080,\"height\":1080},{\"@type\":\"BreadcrumbList\",\"@id\":\"https:\\\/\\\/saboresgloriosos.com\\\/es\\\/product\\\/mini-twins\\\/#breadcrumb\",\"itemListElement\":[{\"@type\":\"ListItem\",\"position\":1,\"name\":\"Home\",\"item\":\"https:\\\/\\\/saboresgloriosos.com\\\/en\\\/\"},{\"@type\":\"ListItem\",\"position\":2,\"name\":\"Compras\",\"item\":\"https:\\\/\\\/saboresgloriosos.com\\\/es\\\/shop\\\/\"},{\"@type\":\"ListItem\",\"position\":3,\"name\":\"Mini Twins\"}]},{\"@type\":\"WebSite\",\"@id\":\"https:\\\/\\\/saboresgloriosos.com\\\/en\\\/#website\",\"url\":\"https:\\\/\\\/saboresgloriosos.com\\\/en\\\/\",\"name\":\"\",\"description\":\"Glory tastes like us\",\"potentialAction\":[{\"@type\":\"SearchAction\",\"target\":{\"@type\":\"EntryPoint\",\"urlTemplate\":\"https:\\\/\\\/saboresgloriosos.com\\\/en\\\/?s={search_term_string}\"},\"query-input\":{\"@type\":\"PropertyValueSpecification\",\"valueRequired\":true,\"valueName\":\"search_term_string\"}}],\"inLanguage\":\"en-US\"}]}<\/script>\n<!-- \/ Yoast SEO plugin. -->","yoast_head_json":{"title":"Mini Twins -","robots":{"index":"index","follow":"follow","max-snippet":"max-snippet:-1","max-image-preview":"max-image-preview:large","max-video-preview":"max-video-preview:-1"},"canonical":"https:\/\/saboresgloriosos.com\/en\/product\/mini-twins\/","og_locale":"en_US","og_type":"article","og_title":"Mini Twins -","og_description":"(Para 2 personas)  Porque uno no es suficiente. Porque siempre hay que tener otro de repuesto. Porque nunca se sabe qui\u00e9n pueda aparecerse de sorpresa. Cualquiera sea la raz\u00f3n, te damos una m\u00e1s: el precio. Mini Twins. Gloriosos por partida doble.","og_url":"https:\/\/saboresgloriosos.com\/en\/product\/mini-twins\/","article_modified_time":"2025-12-06T22:58:59+00:00","og_image":[{"width":1080,"height":1080,"url":"https:\/\/i0.wp.com\/saboresgloriosos.com\/wp-content\/uploads\/2022\/02\/Mini-Twins-Cantidad.jpg?fit=1080%2C1080&ssl=1","type":"image\/jpeg"}],"twitter_card":"summary_large_image","schema":{"@context":"https:\/\/schema.org","@graph":[{"@type":"WebPage","@id":"https:\/\/saboresgloriosos.com\/es\/product\/mini-twins\/","url":"https:\/\/saboresgloriosos.com\/es\/product\/mini-twins\/","name":"Mini Twins -","isPartOf":{"@id":"https:\/\/saboresgloriosos.com\/en\/#website"},"primaryImageOfPage":{"@id":"https:\/\/saboresgloriosos.com\/es\/product\/mini-twins\/#primaryimage"},"image":{"@id":"https:\/\/saboresgloriosos.com\/es\/product\/mini-twins\/#primaryimage"},"thumbnailUrl":"https:\/\/i0.wp.com\/saboresgloriosos.com\/wp-content\/uploads\/2022\/02\/Mini-Twins-Cantidad.jpg?fit=1080%2C1080&ssl=1","datePublished":"2022-01-31T20:20:23+00:00","dateModified":"2025-12-06T22:58:59+00:00","breadcrumb":{"@id":"https:\/\/saboresgloriosos.com\/es\/product\/mini-twins\/#breadcrumb"},"inLanguage":"en-US","potentialAction":[{"@type":"ReadAction","target":["https:\/\/saboresgloriosos.com\/es\/product\/mini-twins\/"]}]},{"@type":"ImageObject","inLanguage":"en-US","@id":"https:\/\/saboresgloriosos.com\/es\/product\/mini-twins\/#primaryimage","url":"https:\/\/i0.wp.com\/saboresgloriosos.com\/wp-content\/uploads\/2022\/02\/Mini-Twins-Cantidad.jpg?fit=1080%2C1080&ssl=1","contentUrl":"https:\/\/i0.wp.com\/saboresgloriosos.com\/wp-content\/uploads\/2022\/02\/Mini-Twins-Cantidad.jpg?fit=1080%2C1080&ssl=1","width":1080,"height":1080},{"@type":"BreadcrumbList","@id":"https:\/\/saboresgloriosos.com\/es\/product\/mini-twins\/#breadcrumb","itemListElement":[{"@type":"ListItem","position":1,"name":"Home","item":"https:\/\/saboresgloriosos.com\/en\/"},{"@type":"ListItem","position":2,"name":"Compras","item":"https:\/\/saboresgloriosos.com\/es\/shop\/"},{"@type":"ListItem","position":3,"name":"Mini Twins"}]},{"@type":"WebSite","@id":"https:\/\/saboresgloriosos.com\/en\/#website","url":"https:\/\/saboresgloriosos.com\/en\/","name":"","description":"Glory tastes like us","potentialAction":[{"@type":"SearchAction","target":{"@type":"EntryPoint","urlTemplate":"https:\/\/saboresgloriosos.com\/en\/?s={search_term_string}"},"query-input":{"@type":"PropertyValueSpecification","valueRequired":true,"valueName":"search_term_string"}}],"inLanguage":"en-US"}]}},"jetpack_sharing_enabled":true,"_links":{"self":[{"href":"https:\/\/saboresgloriosos.com\/en\/wp-json\/wp\/v2\/product\/78","targetHints":{"allow":["GET"]}}],"collection":[{"href":"https:\/\/saboresgloriosos.com\/en\/wp-json\/wp\/v2\/product"}],"about":[{"href":"https:\/\/saboresgloriosos.com\/en\/wp-json\/wp\/v2\/types\/product"}],"replies":[{"embeddable":true,"href":"https:\/\/saboresgloriosos.com\/en\/wp-json\/wp\/v2\/comments?post=78"}],"version-history":[{"count":1,"href":"https:\/\/saboresgloriosos.com\/en\/wp-json\/wp\/v2\/product\/78\/revisions"}],"predecessor-version":[{"id":776,"href":"https:\/\/saboresgloriosos.com\/en\/wp-json\/wp\/v2\/product\/78\/revisions\/776"}],"wp:featuredmedia":[{"embeddable":true,"href":"https:\/\/saboresgloriosos.com\/en\/wp-json\/wp\/v2\/media\/775"}],"wp:attachment":[{"href":"https:\/\/saboresgloriosos.com\/en\/wp-json\/wp\/v2\/media?parent=78"}],"wp:term":[{"taxonomy":"product_brand","embeddable":true,"href":"https:\/\/saboresgloriosos.com\/en\/wp-json\/wp\/v2\/product_brand?post=78"},{"taxonomy":"product_cat","embeddable":true,"href":"https:\/\/saboresgloriosos.com\/en\/wp-json\/wp\/v2\/product_cat?post=78"},{"taxonomy":"product_tag","embeddable":true,"href":"https:\/\/saboresgloriosos.com\/en\/wp-json\/wp\/v2\/product_tag?post=78"}],"curies":[{"name":"wp","href":"https:\/\/api.w.org\/{rel}","templated":true}]}}