{"id":73,"date":"2022-01-31T20:13:49","date_gmt":"2022-01-31T20:13:49","guid":{"rendered":"https:\/\/saboresgloriosos.com\/?post_type=product&#038;p=73"},"modified":"2025-12-06T22:58:03","modified_gmt":"2025-12-06T22:58:03","slug":"mini-glorioso","status":"publish","type":"product","link":"https:\/\/saboresgloriosos.com\/en\/product\/mini-glorioso\/","title":{"rendered":"Glorious Mini"},"content":{"rendered":"","protected":false},"excerpt":{"rendered":"<p><b>(Individual)<\/b><\/p>\n<p>With the same delicious and creamy flavor of the Glorious Quesillo, we present the Glorious Mini, an exquisite individual version for more personal moments. Try the <b>Glorious Mini<\/b>. Because glory knows no size.<\/p>","protected":false},"featured_media":777,"comment_status":"open","ping_status":"closed","template":"","meta":{"nf_dc_page":"","om_disable_all_campaigns":false,"_monsterinsights_skip_tracking":false,"_monsterinsights_sitenote_active":false,"_monsterinsights_sitenote_note":"","_monsterinsights_sitenote_category":0},"product_brand":[],"product_cat":[19],"product_tag":[],"class_list":{"0":"post-73","1":"product","2":"type-product","3":"status-publish","4":"has-post-thumbnail","6":"product_cat-postre","8":"first","9":"instock","10":"shipping-taxable","11":"purchasable","12":"product-type-simple"},"yoast_head":"<!-- This site is optimized with the Yoast SEO plugin v27.5 - https:\/\/yoast.com\/product\/yoast-seo-wordpress\/ -->\n<title>Mini Glorioso -<\/title>\n<meta name=\"robots\" content=\"index, follow, max-snippet:-1, max-image-preview:large, max-video-preview:-1\" \/>\n<link rel=\"canonical\" href=\"https:\/\/saboresgloriosos.com\/en\/product\/mini-glorioso\/\" \/>\n<meta property=\"og:locale\" content=\"en_US\" \/>\n<meta property=\"og:type\" content=\"article\" \/>\n<meta property=\"og:title\" content=\"Mini Glorioso -\" \/>\n<meta property=\"og:description\" content=\"(Individual)  Con el mismo delicisoso y cremoso sabor del Glorioso Quesillo, presentamos el Mini Glorioso, una exquisita versi\u00f3n individual para momentos m\u00e1s personales. Prueba ya el Mini Glorioso. Porque la gloria no conoce tama\u00f1o.\" \/>\n<meta property=\"og:url\" content=\"https:\/\/saboresgloriosos.com\/en\/product\/mini-glorioso\/\" \/>\n<meta property=\"article:modified_time\" content=\"2025-12-06T22:58:03+00:00\" \/>\n<meta property=\"og:image\" content=\"https:\/\/i0.wp.com\/saboresgloriosos.com\/wp-content\/uploads\/2022\/02\/Mini-Glorioso-Cantidad.jpg?fit=1080%2C1080&ssl=1\" \/>\n\t<meta property=\"og:image:width\" content=\"1080\" \/>\n\t<meta property=\"og:image:height\" content=\"1080\" \/>\n\t<meta property=\"og:image:type\" content=\"image\/jpeg\" \/>\n<meta name=\"twitter:card\" content=\"summary_large_image\" \/>\n<script type=\"application\/ld+json\" class=\"yoast-schema-graph\">{\"@context\":\"https:\\\/\\\/schema.org\",\"@graph\":[{\"@type\":\"WebPage\",\"@id\":\"https:\\\/\\\/saboresgloriosos.com\\\/en\\\/product\\\/mini-glorioso\\\/\",\"url\":\"https:\\\/\\\/saboresgloriosos.com\\\/en\\\/product\\\/mini-glorioso\\\/\",\"name\":\"Mini Glorioso -\",\"isPartOf\":{\"@id\":\"https:\\\/\\\/saboresgloriosos.com\\\/en\\\/#website\"},\"primaryImageOfPage\":{\"@id\":\"https:\\\/\\\/saboresgloriosos.com\\\/en\\\/product\\\/mini-glorioso\\\/#primaryimage\"},\"image\":{\"@id\":\"https:\\\/\\\/saboresgloriosos.com\\\/en\\\/product\\\/mini-glorioso\\\/#primaryimage\"},\"thumbnailUrl\":\"https:\\\/\\\/i0.wp.com\\\/saboresgloriosos.com\\\/wp-content\\\/uploads\\\/2022\\\/02\\\/Mini-Glorioso-Cantidad.jpg?fit=1080%2C1080&ssl=1\",\"datePublished\":\"2022-01-31T20:13:49+00:00\",\"dateModified\":\"2025-12-06T22:58:03+00:00\",\"breadcrumb\":{\"@id\":\"https:\\\/\\\/saboresgloriosos.com\\\/en\\\/product\\\/mini-glorioso\\\/#breadcrumb\"},\"inLanguage\":\"en-US\",\"potentialAction\":[{\"@type\":\"ReadAction\",\"target\":[\"https:\\\/\\\/saboresgloriosos.com\\\/en\\\/product\\\/mini-glorioso\\\/\"]}]},{\"@type\":\"ImageObject\",\"inLanguage\":\"en-US\",\"@id\":\"https:\\\/\\\/saboresgloriosos.com\\\/en\\\/product\\\/mini-glorioso\\\/#primaryimage\",\"url\":\"https:\\\/\\\/i0.wp.com\\\/saboresgloriosos.com\\\/wp-content\\\/uploads\\\/2022\\\/02\\\/Mini-Glorioso-Cantidad.jpg?fit=1080%2C1080&ssl=1\",\"contentUrl\":\"https:\\\/\\\/i0.wp.com\\\/saboresgloriosos.com\\\/wp-content\\\/uploads\\\/2022\\\/02\\\/Mini-Glorioso-Cantidad.jpg?fit=1080%2C1080&ssl=1\",\"width\":1080,\"height\":1080},{\"@type\":\"BreadcrumbList\",\"@id\":\"https:\\\/\\\/saboresgloriosos.com\\\/en\\\/product\\\/mini-glorioso\\\/#breadcrumb\",\"itemListElement\":[{\"@type\":\"ListItem\",\"position\":1,\"name\":\"Home\",\"item\":\"https:\\\/\\\/saboresgloriosos.com\\\/en\\\/\"},{\"@type\":\"ListItem\",\"position\":2,\"name\":\"Compras\",\"item\":\"https:\\\/\\\/saboresgloriosos.com\\\/es\\\/shop\\\/\"},{\"@type\":\"ListItem\",\"position\":3,\"name\":\"Mini Glorioso\"}]},{\"@type\":\"WebSite\",\"@id\":\"https:\\\/\\\/saboresgloriosos.com\\\/en\\\/#website\",\"url\":\"https:\\\/\\\/saboresgloriosos.com\\\/en\\\/\",\"name\":\"\",\"description\":\"Glory tastes like us\",\"potentialAction\":[{\"@type\":\"SearchAction\",\"target\":{\"@type\":\"EntryPoint\",\"urlTemplate\":\"https:\\\/\\\/saboresgloriosos.com\\\/en\\\/?s={search_term_string}\"},\"query-input\":{\"@type\":\"PropertyValueSpecification\",\"valueRequired\":true,\"valueName\":\"search_term_string\"}}],\"inLanguage\":\"en-US\"}]}<\/script>\n<!-- \/ Yoast SEO plugin. -->","yoast_head_json":{"title":"Mini Glorioso -","robots":{"index":"index","follow":"follow","max-snippet":"max-snippet:-1","max-image-preview":"max-image-preview:large","max-video-preview":"max-video-preview:-1"},"canonical":"https:\/\/saboresgloriosos.com\/en\/product\/mini-glorioso\/","og_locale":"en_US","og_type":"article","og_title":"Mini Glorioso -","og_description":"(Individual)  Con el mismo delicisoso y cremoso sabor del Glorioso Quesillo, presentamos el Mini Glorioso, una exquisita versi\u00f3n individual para momentos m\u00e1s personales. Prueba ya el Mini Glorioso. Porque la gloria no conoce tama\u00f1o.","og_url":"https:\/\/saboresgloriosos.com\/en\/product\/mini-glorioso\/","article_modified_time":"2025-12-06T22:58:03+00:00","og_image":[{"width":1080,"height":1080,"url":"https:\/\/i0.wp.com\/saboresgloriosos.com\/wp-content\/uploads\/2022\/02\/Mini-Glorioso-Cantidad.jpg?fit=1080%2C1080&ssl=1","type":"image\/jpeg"}],"twitter_card":"summary_large_image","schema":{"@context":"https:\/\/schema.org","@graph":[{"@type":"WebPage","@id":"https:\/\/saboresgloriosos.com\/en\/product\/mini-glorioso\/","url":"https:\/\/saboresgloriosos.com\/en\/product\/mini-glorioso\/","name":"Mini Glorioso -","isPartOf":{"@id":"https:\/\/saboresgloriosos.com\/en\/#website"},"primaryImageOfPage":{"@id":"https:\/\/saboresgloriosos.com\/en\/product\/mini-glorioso\/#primaryimage"},"image":{"@id":"https:\/\/saboresgloriosos.com\/en\/product\/mini-glorioso\/#primaryimage"},"thumbnailUrl":"https:\/\/i0.wp.com\/saboresgloriosos.com\/wp-content\/uploads\/2022\/02\/Mini-Glorioso-Cantidad.jpg?fit=1080%2C1080&ssl=1","datePublished":"2022-01-31T20:13:49+00:00","dateModified":"2025-12-06T22:58:03+00:00","breadcrumb":{"@id":"https:\/\/saboresgloriosos.com\/en\/product\/mini-glorioso\/#breadcrumb"},"inLanguage":"en-US","potentialAction":[{"@type":"ReadAction","target":["https:\/\/saboresgloriosos.com\/en\/product\/mini-glorioso\/"]}]},{"@type":"ImageObject","inLanguage":"en-US","@id":"https:\/\/saboresgloriosos.com\/en\/product\/mini-glorioso\/#primaryimage","url":"https:\/\/i0.wp.com\/saboresgloriosos.com\/wp-content\/uploads\/2022\/02\/Mini-Glorioso-Cantidad.jpg?fit=1080%2C1080&ssl=1","contentUrl":"https:\/\/i0.wp.com\/saboresgloriosos.com\/wp-content\/uploads\/2022\/02\/Mini-Glorioso-Cantidad.jpg?fit=1080%2C1080&ssl=1","width":1080,"height":1080},{"@type":"BreadcrumbList","@id":"https:\/\/saboresgloriosos.com\/en\/product\/mini-glorioso\/#breadcrumb","itemListElement":[{"@type":"ListItem","position":1,"name":"Home","item":"https:\/\/saboresgloriosos.com\/en\/"},{"@type":"ListItem","position":2,"name":"Compras","item":"https:\/\/saboresgloriosos.com\/es\/shop\/"},{"@type":"ListItem","position":3,"name":"Mini Glorioso"}]},{"@type":"WebSite","@id":"https:\/\/saboresgloriosos.com\/en\/#website","url":"https:\/\/saboresgloriosos.com\/en\/","name":"","description":"Glory tastes like us","potentialAction":[{"@type":"SearchAction","target":{"@type":"EntryPoint","urlTemplate":"https:\/\/saboresgloriosos.com\/en\/?s={search_term_string}"},"query-input":{"@type":"PropertyValueSpecification","valueRequired":true,"valueName":"search_term_string"}}],"inLanguage":"en-US"}]}},"jetpack_sharing_enabled":true,"_links":{"self":[{"href":"https:\/\/saboresgloriosos.com\/en\/wp-json\/wp\/v2\/product\/73","targetHints":{"allow":["GET"]}}],"collection":[{"href":"https:\/\/saboresgloriosos.com\/en\/wp-json\/wp\/v2\/product"}],"about":[{"href":"https:\/\/saboresgloriosos.com\/en\/wp-json\/wp\/v2\/types\/product"}],"replies":[{"embeddable":true,"href":"https:\/\/saboresgloriosos.com\/en\/wp-json\/wp\/v2\/comments?post=73"}],"version-history":[{"count":2,"href":"https:\/\/saboresgloriosos.com\/en\/wp-json\/wp\/v2\/product\/73\/revisions"}],"predecessor-version":[{"id":778,"href":"https:\/\/saboresgloriosos.com\/en\/wp-json\/wp\/v2\/product\/73\/revisions\/778"}],"wp:featuredmedia":[{"embeddable":true,"href":"https:\/\/saboresgloriosos.com\/en\/wp-json\/wp\/v2\/media\/777"}],"wp:attachment":[{"href":"https:\/\/saboresgloriosos.com\/en\/wp-json\/wp\/v2\/media?parent=73"}],"wp:term":[{"taxonomy":"product_brand","embeddable":true,"href":"https:\/\/saboresgloriosos.com\/en\/wp-json\/wp\/v2\/product_brand?post=73"},{"taxonomy":"product_cat","embeddable":true,"href":"https:\/\/saboresgloriosos.com\/en\/wp-json\/wp\/v2\/product_cat?post=73"},{"taxonomy":"product_tag","embeddable":true,"href":"https:\/\/saboresgloriosos.com\/en\/wp-json\/wp\/v2\/product_tag?post=73"}],"curies":[{"name":"wp","href":"https:\/\/api.w.org\/{rel}","templated":true}]}}