{"id":162,"date":"2022-02-11T21:31:24","date_gmt":"2022-02-11T21:31:24","guid":{"rendered":"https:\/\/saboresgloriosos.com\/?page_id=162"},"modified":"2022-12-05T22:17:20","modified_gmt":"2022-12-05T22:17:20","slug":"faq","status":"publish","type":"page","link":"https:\/\/saboresgloriosos.com\/en\/faq\/","title":{"rendered":"FAQ"},"content":{"rendered":"<h3 class=\"wp-block-heading\" id=\"icon-name-egg-prefix-fas-ingredientes\"><i class=\"fas fa-egg\"><\/i>  Ingredients<\/h3>\n\n\n\n<div class=\"schema-faq wp-block-yoast-faq-block\"><div class=\"schema-faq-section\" id=\"faq-question-1645150532960\"><strong class=\"schema-faq-question\">Is the quesillo made with cheese?<\/strong> <p class=\"schema-faq-answer\">No. The name &quot;quesillo&quot; is not because it contains cheese, but because its texture has little holes that resemble cheese and hence its name.<\/p> <\/div> <div class=\"schema-faq-section\" id=\"faq-question-1645150978590\"><strong class=\"schema-faq-question\">Does the glorious quesillo have liquor?<\/strong> <p class=\"schema-faq-answer\">For some strange reason, a few people have noticed a slight liquor taste in our quesillos. However, it does not have any liquor. None. Zero. So it can be enjoyed by both children and adults.<\/p> <\/div> <div class=\"schema-faq-section\" id=\"faq-question-1645150636996\"><strong class=\"schema-faq-question\">Does the glorious quesillo taste like flan?<\/strong> <p class=\"schema-faq-answer\">Even though they look similar (the quesillo is darker, though), they taste totally different. The quesillo is creamier and its flavor, well, it's indescribable. And unforgettable. And second to none.<\/p> <\/div> <div class=\"schema-faq-section\" id=\"faq-question-1645211750992\"><strong class=\"schema-faq-question\">What are the ingredients of the quesillo?<\/strong> <p class=\"schema-faq-answer\">The Venezuelan quesillo is made from eggs, sugar, milk, condensed milk, and vanilla. And in our case, also with a lot of dedication and love \ud83d\ude42<\/p> <\/div> <div class=\"schema-faq-section\" id=\"faq-question-1645150909719\"><strong class=\"schema-faq-question\">Where do you deliver?<\/strong> <p class=\"schema-faq-answer\">From Fort Lauderdale to South Miami and everywhere in between.<\/p> <\/div> <div class=\"schema-faq-section\" id=\"faq-question-1645151131801\"><strong class=\"schema-faq-question\">For how many people is a glorious quesillo? <\/strong> <p class=\"schema-faq-answer\">The large quesillo is for 6-8 people or one person with a huge appetite. The Mini is, of course, for one person and the Twins are for two people who know that only one is impossible to share.<\/p> <\/div> <\/div>\n\n\n\n<div style=\"height:47px\" aria-hidden=\"true\" class=\"wp-block-spacer\"><\/div>\n\n\n\n<h3 class=\"wp-block-heading\" id=\"icon-name-egg-prefix-fas-ingredientes\"><i class=\"fas fa-truck\"><\/i>  Deliveries<\/h3>\n\n\n\n<div class=\"schema-faq wp-block-yoast-faq-block\"><div class=\"schema-faq-section\" id=\"faq-question-1645150909719\"><strong class=\"schema-faq-question\">Where do you deliver to?<\/strong> <p class=\"schema-faq-answer\">We deliver from Fort Lauderdale to South Miami and everywhere in between. Prices range from $3 to $7. In the shopping cart, the amount is calculated depending on the delivery area.<\/p> <\/div> <div class=\"schema-faq-section\" id=\"faq-question-1645212284438\"><strong class=\"schema-faq-question\">Do you deliver to other states in the country or to other countries?<\/strong> <p class=\"schema-faq-answer\">Unfortunately not. The quesillo is a delicate product and we do not guarantee that it will maintain its freshness and quality over long journeys. The good thing is that if you've always wished for a trip to Miami, now you have a new reason to come!<\/p> <\/div> <\/div>\n\n\n\n<div style=\"height:47px\" aria-hidden=\"true\" class=\"wp-block-spacer\"><\/div>\n\n\n\n<h3 class=\"wp-block-heading\" id=\"icon-name-egg-prefix-fas-ingredientes\"><i class=\"fas fa-ruler\"><\/i>  sizes<\/h3>\n\n\n\n<div class=\"schema-faq wp-block-yoast-faq-block\"><div class=\"schema-faq-section\" id=\"faq-question-1645151131801\"><strong class=\"schema-faq-question\">Is a glorious quesillo enough for a small or medium party? <\/strong> <p class=\"schema-faq-answer\">Usually one is enough because usually at parties there are other desserts as well. However, if you have a lot of guests we recommend at least two, not only because they will surely repeat but because you will want to keep a piece for you to enjoy the following day (and as with many desserts and meals, the next day is when they taste the best!)<\/p> <\/div> <\/div>\n\n\n\n<div style=\"height:47px\" aria-hidden=\"true\" class=\"wp-block-spacer\"><\/div>\n\n\n\n<h3 class=\"wp-block-heading\" id=\"icon-name-egg-prefix-fas-ingredientes\"><i class=\"fas fa-plus\"><\/i>  Special requirements<\/h3>\n\n\n\n<div class=\"schema-faq wp-block-yoast-faq-block\"><div class=\"schema-faq-section\" id=\"faq-question-1645151131801\"><strong class=\"schema-faq-question\">Can I make special requirements when buying my quesillo(s)? <\/strong> <p class=\"schema-faq-answer\">Yes, of course. You can ask for the caramel to be made lighter or darker, or for an additional fee, you can order a completely organic quesillo. You can also request that the packaging label say something special for special occasions, etc. <\/p> <\/div> <\/div>","protected":false},"excerpt":{"rendered":"<p>Ingredients Deliveries Sizes Special requirements<\/p>","protected":false},"author":1,"featured_media":0,"parent":0,"menu_order":0,"comment_status":"closed","ping_status":"closed","template":"","meta":{"nf_dc_page":"","om_disable_all_campaigns":false,"_monsterinsights_skip_tracking":false,"_monsterinsights_sitenote_active":false,"_monsterinsights_sitenote_note":"","_monsterinsights_sitenote_category":0,"footnotes":""},"class_list":["post-162","page","type-page","status-publish","hentry"],"yoast_head":"<!-- This site is optimized with the Yoast SEO plugin v27.5 - https:\/\/yoast.com\/product\/yoast-seo-wordpress\/ -->\n<title>FAQ -<\/title>\n<meta name=\"robots\" content=\"index, follow, max-snippet:-1, max-image-preview:large, max-video-preview:-1\" \/>\n<link rel=\"canonical\" href=\"https:\/\/saboresgloriosos.com\/en\/faq\/\" \/>\n<meta property=\"og:locale\" content=\"en_US\" \/>\n<meta property=\"og:type\" content=\"article\" \/>\n<meta property=\"og:title\" content=\"FAQ -\" \/>\n<meta property=\"og:description\" content=\"Ingredientes Entregas Tama\u00f1os Requerimientos especiales\" \/>\n<meta property=\"og:url\" content=\"https:\/\/saboresgloriosos.com\/en\/faq\/\" \/>\n<meta property=\"article:modified_time\" content=\"2022-12-05T22:17:20+00:00\" \/>\n<meta name=\"twitter:card\" content=\"summary_large_image\" \/>\n<meta name=\"twitter:label1\" content=\"Est. reading time\" \/>\n\t<meta name=\"twitter:data1\" content=\"2 minutes\" \/>\n<script type=\"application\/ld+json\" class=\"yoast-schema-graph\">{\"@context\":\"https:\\\/\\\/schema.org\",\"@graph\":[{\"@type\":[\"WebPage\",\"FAQPage\"],\"@id\":\"https:\\\/\\\/saboresgloriosos.com\\\/en\\\/faq\\\/\",\"url\":\"https:\\\/\\\/saboresgloriosos.com\\\/en\\\/faq\\\/\",\"name\":\"FAQ -\",\"isPartOf\":{\"@id\":\"https:\\\/\\\/saboresgloriosos.com\\\/en\\\/#website\"},\"datePublished\":\"2022-02-11T21:31:24+00:00\",\"dateModified\":\"2022-12-05T22:17:20+00:00\",\"breadcrumb\":{\"@id\":\"https:\\\/\\\/saboresgloriosos.com\\\/en\\\/faq\\\/#breadcrumb\"},\"mainEntity\":[{\"@id\":\"https:\\\/\\\/saboresgloriosos.com\\\/en\\\/faq\\\/#faq-question-1645150532960\"},{\"@id\":\"https:\\\/\\\/saboresgloriosos.com\\\/en\\\/faq\\\/#faq-question-1645150978590\"},{\"@id\":\"https:\\\/\\\/saboresgloriosos.com\\\/en\\\/faq\\\/#faq-question-1645150636996\"},{\"@id\":\"https:\\\/\\\/saboresgloriosos.com\\\/en\\\/faq\\\/#faq-question-1645211750992\"},{\"@id\":\"https:\\\/\\\/saboresgloriosos.com\\\/en\\\/faq\\\/#faq-question-1645150909719\"},{\"@id\":\"https:\\\/\\\/saboresgloriosos.com\\\/en\\\/faq\\\/#faq-question-1645151131801\"},{\"@id\":\"https:\\\/\\\/saboresgloriosos.com\\\/en\\\/faq\\\/#faq-question-1645150909719\"},{\"@id\":\"https:\\\/\\\/saboresgloriosos.com\\\/en\\\/faq\\\/#faq-question-1645212284438\"},{\"@id\":\"https:\\\/\\\/saboresgloriosos.com\\\/en\\\/faq\\\/#faq-question-1645151131801\"},{\"@id\":\"https:\\\/\\\/saboresgloriosos.com\\\/en\\\/faq\\\/#faq-question-1645151131801\"}],\"inLanguage\":\"en-US\",\"potentialAction\":[{\"@type\":\"ReadAction\",\"target\":[\"https:\\\/\\\/saboresgloriosos.com\\\/en\\\/faq\\\/\"]}]},{\"@type\":\"BreadcrumbList\",\"@id\":\"https:\\\/\\\/saboresgloriosos.com\\\/en\\\/faq\\\/#breadcrumb\",\"itemListElement\":[{\"@type\":\"ListItem\",\"position\":1,\"name\":\"Home\",\"item\":\"https:\\\/\\\/saboresgloriosos.com\\\/en\\\/\"},{\"@type\":\"ListItem\",\"position\":2,\"name\":\"FAQ\"}]},{\"@type\":\"WebSite\",\"@id\":\"https:\\\/\\\/saboresgloriosos.com\\\/en\\\/#website\",\"url\":\"https:\\\/\\\/saboresgloriosos.com\\\/en\\\/\",\"name\":\"\",\"description\":\"Glory tastes like us\",\"potentialAction\":[{\"@type\":\"SearchAction\",\"target\":{\"@type\":\"EntryPoint\",\"urlTemplate\":\"https:\\\/\\\/saboresgloriosos.com\\\/en\\\/?s={search_term_string}\"},\"query-input\":{\"@type\":\"PropertyValueSpecification\",\"valueRequired\":true,\"valueName\":\"search_term_string\"}}],\"inLanguage\":\"en-US\"},{\"@type\":\"Question\",\"@id\":\"https:\\\/\\\/saboresgloriosos.com\\\/en\\\/faq\\\/#faq-question-1645150532960\",\"position\":1,\"url\":\"https:\\\/\\\/saboresgloriosos.com\\\/en\\\/faq\\\/#faq-question-1645150532960\",\"name\":\"\u00bfEl quesillo es hecho con queso?\",\"answerCount\":1,\"acceptedAnswer\":{\"@type\":\"Answer\",\"text\":\"No. El nombre \\\"quesillo\\\" no es porque contenga queso sino que su textura tiene huequitos que se asemejan al queso y de ah\u00ed su nombre.\",\"inLanguage\":\"en-US\"},\"inLanguage\":\"en-US\"},{\"@type\":\"Question\",\"@id\":\"https:\\\/\\\/saboresgloriosos.com\\\/en\\\/faq\\\/#faq-question-1645150978590\",\"position\":2,\"url\":\"https:\\\/\\\/saboresgloriosos.com\\\/en\\\/faq\\\/#faq-question-1645150978590\",\"name\":\"\u00bfEl quesillo glorioso tiene licor?\",\"answerCount\":1,\"acceptedAnswer\":{\"@type\":\"Answer\",\"text\":\"Por alguna extra\u00f1a raz\u00f3n, unas pocas personas han sentido un peque\u00f1o sabor a licor en nuestros quesillos. Sin embargo, no lleva licor. Nada. Cero. As\u00ed que puede ser consumido y disfrutado por ni\u00f1os y adultos.\",\"inLanguage\":\"en-US\"},\"inLanguage\":\"en-US\"},{\"@type\":\"Question\",\"@id\":\"https:\\\/\\\/saboresgloriosos.com\\\/en\\\/faq\\\/#faq-question-1645150636996\",\"position\":3,\"url\":\"https:\\\/\\\/saboresgloriosos.com\\\/en\\\/faq\\\/#faq-question-1645150636996\",\"name\":\"\u00bfEl quesillo glorioso sabe a flan?\",\"answerCount\":1,\"acceptedAnswer\":{\"@type\":\"Answer\",\"text\":\"A pesar de que son parecidos (aunque el quesillo es m\u00e1s oscuro), el sabor es totalmente diferente. El quesillo es m\u00e1s cremoso y su sabor, bueno, es indescriptible. E inolvidable. E insuperable.\",\"inLanguage\":\"en-US\"},\"inLanguage\":\"en-US\"},{\"@type\":\"Question\",\"@id\":\"https:\\\/\\\/saboresgloriosos.com\\\/en\\\/faq\\\/#faq-question-1645211750992\",\"position\":4,\"url\":\"https:\\\/\\\/saboresgloriosos.com\\\/en\\\/faq\\\/#faq-question-1645211750992\",\"name\":\"\u00bfCu\u00e1les son los ingredientes del quesillo?\",\"answerCount\":1,\"acceptedAnswer\":{\"@type\":\"Answer\",\"text\":\"El quesillo venezolano se hace a base de huevos, az\u00facar, leche, leche condensada y vainilla. Y en nuestro caso, tambi\u00e9n con mucha dedicaci\u00f3n y cari\u00f1o :)\",\"inLanguage\":\"en-US\"},\"inLanguage\":\"en-US\"},{\"@type\":\"Question\",\"@id\":\"https:\\\/\\\/saboresgloriosos.com\\\/en\\\/faq\\\/#faq-question-1645150909719\",\"position\":5,\"url\":\"https:\\\/\\\/saboresgloriosos.com\\\/en\\\/faq\\\/#faq-question-1645150909719\",\"name\":\"\u00bfA d\u00f3nde hacen delivery?\",\"answerCount\":1,\"acceptedAnswer\":{\"@type\":\"Answer\",\"text\":\"Desde Fort Lauderdale hasta South Miami and everywhere in between.\",\"inLanguage\":\"en-US\"},\"inLanguage\":\"en-US\"},{\"@type\":\"Question\",\"@id\":\"https:\\\/\\\/saboresgloriosos.com\\\/en\\\/faq\\\/#faq-question-1645151131801\",\"position\":6,\"url\":\"https:\\\/\\\/saboresgloriosos.com\\\/en\\\/faq\\\/#faq-question-1645151131801\",\"name\":\"\u00bfPara cu\u00e1ntas personas es un quesillo glorioso?\",\"answerCount\":1,\"acceptedAnswer\":{\"@type\":\"Answer\",\"text\":\"El quesillo grande es para 6-8 personas o para una con mucho apetito. El individual es, por supuesto, para una persona y los twins son para dos personas que saben que uno solo es imposible de compartir.\",\"inLanguage\":\"en-US\"},\"inLanguage\":\"en-US\"},{\"@type\":\"Question\",\"@id\":\"https:\\\/\\\/saboresgloriosos.com\\\/en\\\/faq\\\/#faq-question-1645150909719\",\"position\":7,\"url\":\"https:\\\/\\\/saboresgloriosos.com\\\/en\\\/faq\\\/#faq-question-1645150909719\",\"name\":\"\u00bfA d\u00f3nde hacen entregas a domicilio?\",\"answerCount\":1,\"acceptedAnswer\":{\"@type\":\"Answer\",\"text\":\"Hacemos delivery desde Fort Lauderdale hasta South Miami and everywhere in between. Los precios van desde $3 hasta $7. En el carrito de compras se calcula el monto del delivery dependiendo de la zona.\",\"inLanguage\":\"en-US\"},\"inLanguage\":\"en-US\"},{\"@type\":\"Question\",\"@id\":\"https:\\\/\\\/saboresgloriosos.com\\\/en\\\/faq\\\/#faq-question-1645212284438\",\"position\":8,\"url\":\"https:\\\/\\\/saboresgloriosos.com\\\/en\\\/faq\\\/#faq-question-1645212284438\",\"name\":\"\u00bfHacen entregas a otros estados del pa\u00eds o a otros pa\u00edses?\",\"answerCount\":1,\"acceptedAnswer\":{\"@type\":\"Answer\",\"text\":\"Lamentablemente, no. El quesillo es un producto delicado y no garantizamos que en trayectos largos mantenga su frescura y calidad. Lo bueno es que si quieres viajar a Miami, \u00a1ya tienes una nueva raz\u00f3n para venir!\",\"inLanguage\":\"en-US\"},\"inLanguage\":\"en-US\"},{\"@type\":\"Question\",\"@id\":\"https:\\\/\\\/saboresgloriosos.com\\\/en\\\/faq\\\/#faq-question-1645151131801\",\"position\":9,\"url\":\"https:\\\/\\\/saboresgloriosos.com\\\/en\\\/faq\\\/#faq-question-1645151131801\",\"name\":\"\u00bfUn quesillo glorioso alcanza para una fiesta peque\u00f1a o mediana?\",\"answerCount\":1,\"acceptedAnswer\":{\"@type\":\"Answer\",\"text\":\"Generalmente con uno es suficiente porque generalmente en las fiestas hay otros postres tambi\u00e9n. Sin embargo, si tienes muchos invitados te recomendamos al menos dos, no s\u00f3lo porque seguramente van a repetir sino porque vas querer quedarte con un pedazo para disfrutarlo al d\u00eda siguiente (y como sucede con muchos postres y comidas, \u00a1al d\u00eda siguiente es cuando mejor est\u00e1n!)\",\"inLanguage\":\"en-US\"},\"inLanguage\":\"en-US\"},{\"@type\":\"Question\",\"@id\":\"https:\\\/\\\/saboresgloriosos.com\\\/en\\\/faq\\\/#faq-question-1645151131801\",\"position\":10,\"url\":\"https:\\\/\\\/saboresgloriosos.com\\\/en\\\/faq\\\/#faq-question-1645151131801\",\"name\":\"\u00bfPuedo hacer requerimientos especiales al momento de comprar mi(s) quesillo(s)?\",\"answerCount\":1,\"acceptedAnswer\":{\"@type\":\"Answer\",\"text\":\"S\u00ed, por supuesto. Puedes pedir que el caramelo se m\u00e1s claro o m\u00e1s oscuro, o por un costo adicional, puedes pedir un quesillo completamente org\u00e1nico. Tambi\u00e9n puedes solicitar que la etiqueta del envase diga algo especial porque se trata de un regalo, etc. \",\"inLanguage\":\"en-US\"},\"inLanguage\":\"en-US\"}]}<\/script>\n<!-- \/ Yoast SEO plugin. -->","yoast_head_json":{"title":"FAQ -","robots":{"index":"index","follow":"follow","max-snippet":"max-snippet:-1","max-image-preview":"max-image-preview:large","max-video-preview":"max-video-preview:-1"},"canonical":"https:\/\/saboresgloriosos.com\/en\/faq\/","og_locale":"en_US","og_type":"article","og_title":"FAQ -","og_description":"Ingredientes Entregas Tama\u00f1os Requerimientos especiales","og_url":"https:\/\/saboresgloriosos.com\/en\/faq\/","article_modified_time":"2022-12-05T22:17:20+00:00","twitter_card":"summary_large_image","twitter_misc":{"Est. reading time":"2 minutes"},"schema":{"@context":"https:\/\/schema.org","@graph":[{"@type":["WebPage","FAQPage"],"@id":"https:\/\/saboresgloriosos.com\/en\/faq\/","url":"https:\/\/saboresgloriosos.com\/en\/faq\/","name":"FAQ -","isPartOf":{"@id":"https:\/\/saboresgloriosos.com\/en\/#website"},"datePublished":"2022-02-11T21:31:24+00:00","dateModified":"2022-12-05T22:17:20+00:00","breadcrumb":{"@id":"https:\/\/saboresgloriosos.com\/en\/faq\/#breadcrumb"},"mainEntity":[{"@id":"https:\/\/saboresgloriosos.com\/en\/faq\/#faq-question-1645150532960"},{"@id":"https:\/\/saboresgloriosos.com\/en\/faq\/#faq-question-1645150978590"},{"@id":"https:\/\/saboresgloriosos.com\/en\/faq\/#faq-question-1645150636996"},{"@id":"https:\/\/saboresgloriosos.com\/en\/faq\/#faq-question-1645211750992"},{"@id":"https:\/\/saboresgloriosos.com\/en\/faq\/#faq-question-1645150909719"},{"@id":"https:\/\/saboresgloriosos.com\/en\/faq\/#faq-question-1645151131801"},{"@id":"https:\/\/saboresgloriosos.com\/en\/faq\/#faq-question-1645150909719"},{"@id":"https:\/\/saboresgloriosos.com\/en\/faq\/#faq-question-1645212284438"},{"@id":"https:\/\/saboresgloriosos.com\/en\/faq\/#faq-question-1645151131801"},{"@id":"https:\/\/saboresgloriosos.com\/en\/faq\/#faq-question-1645151131801"}],"inLanguage":"en-US","potentialAction":[{"@type":"ReadAction","target":["https:\/\/saboresgloriosos.com\/en\/faq\/"]}]},{"@type":"BreadcrumbList","@id":"https:\/\/saboresgloriosos.com\/en\/faq\/#breadcrumb","itemListElement":[{"@type":"ListItem","position":1,"name":"Home","item":"https:\/\/saboresgloriosos.com\/en\/"},{"@type":"ListItem","position":2,"name":"FAQ"}]},{"@type":"WebSite","@id":"https:\/\/saboresgloriosos.com\/en\/#website","url":"https:\/\/saboresgloriosos.com\/en\/","name":"","description":"Glory tastes like us","potentialAction":[{"@type":"SearchAction","target":{"@type":"EntryPoint","urlTemplate":"https:\/\/saboresgloriosos.com\/en\/?s={search_term_string}"},"query-input":{"@type":"PropertyValueSpecification","valueRequired":true,"valueName":"search_term_string"}}],"inLanguage":"en-US"},{"@type":"Question","@id":"https:\/\/saboresgloriosos.com\/en\/faq\/#faq-question-1645150532960","position":1,"url":"https:\/\/saboresgloriosos.com\/en\/faq\/#faq-question-1645150532960","name":"Is the quesillo made with cheese?","answerCount":1,"acceptedAnswer":{"@type":"Answer","text":"No. El nombre \"quesillo\" no es porque contenga queso sino que su textura tiene huequitos que se asemejan al queso y de ah\u00ed su nombre.","inLanguage":"en-US"},"inLanguage":"en-US"},{"@type":"Question","@id":"https:\/\/saboresgloriosos.com\/en\/faq\/#faq-question-1645150978590","position":2,"url":"https:\/\/saboresgloriosos.com\/en\/faq\/#faq-question-1645150978590","name":"Does the glorious quesillo have liquor?","answerCount":1,"acceptedAnswer":{"@type":"Answer","text":"Por alguna extra\u00f1a raz\u00f3n, unas pocas personas han sentido un peque\u00f1o sabor a licor en nuestros quesillos. Sin embargo, no lleva licor. Nada. Cero. As\u00ed que puede ser consumido y disfrutado por ni\u00f1os y adultos.","inLanguage":"en-US"},"inLanguage":"en-US"},{"@type":"Question","@id":"https:\/\/saboresgloriosos.com\/en\/faq\/#faq-question-1645150636996","position":3,"url":"https:\/\/saboresgloriosos.com\/en\/faq\/#faq-question-1645150636996","name":"Does the glorious quesillo taste like flan?","answerCount":1,"acceptedAnswer":{"@type":"Answer","text":"A pesar de que son parecidos (aunque el quesillo es m\u00e1s oscuro), el sabor es totalmente diferente. El quesillo es m\u00e1s cremoso y su sabor, bueno, es indescriptible. E inolvidable. E insuperable.","inLanguage":"en-US"},"inLanguage":"en-US"},{"@type":"Question","@id":"https:\/\/saboresgloriosos.com\/en\/faq\/#faq-question-1645211750992","position":4,"url":"https:\/\/saboresgloriosos.com\/en\/faq\/#faq-question-1645211750992","name":"What are the ingredients of the quesillo?","answerCount":1,"acceptedAnswer":{"@type":"Answer","text":"El quesillo venezolano se hace a base de huevos, az\u00facar, leche, leche condensada y vainilla. Y en nuestro caso, tambi\u00e9n con mucha dedicaci\u00f3n y cari\u00f1o :)","inLanguage":"en-US"},"inLanguage":"en-US"},{"@type":"Question","@id":"https:\/\/saboresgloriosos.com\/en\/faq\/#faq-question-1645150909719","position":5,"url":"https:\/\/saboresgloriosos.com\/en\/faq\/#faq-question-1645150909719","name":"Where do you deliver?","answerCount":1,"acceptedAnswer":{"@type":"Answer","text":"Desde Fort Lauderdale hasta South Miami and everywhere in between.","inLanguage":"en-US"},"inLanguage":"en-US"},{"@type":"Question","@id":"https:\/\/saboresgloriosos.com\/en\/faq\/#faq-question-1645151131801","position":6,"url":"https:\/\/saboresgloriosos.com\/en\/faq\/#faq-question-1645151131801","name":"For how many people is a glorious quesillo?","answerCount":1,"acceptedAnswer":{"@type":"Answer","text":"El quesillo grande es para 6-8 personas o para una con mucho apetito. El individual es, por supuesto, para una persona y los twins son para dos personas que saben que uno solo es imposible de compartir.","inLanguage":"en-US"},"inLanguage":"en-US"},{"@type":"Question","@id":"https:\/\/saboresgloriosos.com\/en\/faq\/#faq-question-1645150909719","position":7,"url":"https:\/\/saboresgloriosos.com\/en\/faq\/#faq-question-1645150909719","name":"Where do you deliver to?","answerCount":1,"acceptedAnswer":{"@type":"Answer","text":"Hacemos delivery desde Fort Lauderdale hasta South Miami and everywhere in between. Los precios van desde $3 hasta $7. En el carrito de compras se calcula el monto del delivery dependiendo de la zona.","inLanguage":"en-US"},"inLanguage":"en-US"},{"@type":"Question","@id":"https:\/\/saboresgloriosos.com\/en\/faq\/#faq-question-1645212284438","position":8,"url":"https:\/\/saboresgloriosos.com\/en\/faq\/#faq-question-1645212284438","name":"Do you deliver to other states in the country or to other countries?","answerCount":1,"acceptedAnswer":{"@type":"Answer","text":"Lamentablemente, no. El quesillo es un producto delicado y no garantizamos que en trayectos largos mantenga su frescura y calidad. Lo bueno es que si quieres viajar a Miami, \u00a1ya tienes una nueva raz\u00f3n para venir!","inLanguage":"en-US"},"inLanguage":"en-US"},{"@type":"Question","@id":"https:\/\/saboresgloriosos.com\/en\/faq\/#faq-question-1645151131801","position":9,"url":"https:\/\/saboresgloriosos.com\/en\/faq\/#faq-question-1645151131801","name":"Is a glorious quesillo enough for a small or medium party?","answerCount":1,"acceptedAnswer":{"@type":"Answer","text":"Generalmente con uno es suficiente porque generalmente en las fiestas hay otros postres tambi\u00e9n. Sin embargo, si tienes muchos invitados te recomendamos al menos dos, no s\u00f3lo porque seguramente van a repetir sino porque vas querer quedarte con un pedazo para disfrutarlo al d\u00eda siguiente (y como sucede con muchos postres y comidas, \u00a1al d\u00eda siguiente es cuando mejor est\u00e1n!)","inLanguage":"en-US"},"inLanguage":"en-US"},{"@type":"Question","@id":"https:\/\/saboresgloriosos.com\/en\/faq\/#faq-question-1645151131801","position":10,"url":"https:\/\/saboresgloriosos.com\/en\/faq\/#faq-question-1645151131801","name":"Can I make special requirements when buying my quesillo(s)?","answerCount":1,"acceptedAnswer":{"@type":"Answer","text":"S\u00ed, por supuesto. Puedes pedir que el caramelo se m\u00e1s claro o m\u00e1s oscuro, o por un costo adicional, puedes pedir un quesillo completamente org\u00e1nico. Tambi\u00e9n puedes solicitar que la etiqueta del envase diga algo especial porque se trata de un regalo, etc. ","inLanguage":"en-US"},"inLanguage":"en-US"}]}},"jetpack_sharing_enabled":true,"_links":{"self":[{"href":"https:\/\/saboresgloriosos.com\/en\/wp-json\/wp\/v2\/pages\/162","targetHints":{"allow":["GET"]}}],"collection":[{"href":"https:\/\/saboresgloriosos.com\/en\/wp-json\/wp\/v2\/pages"}],"about":[{"href":"https:\/\/saboresgloriosos.com\/en\/wp-json\/wp\/v2\/types\/page"}],"author":[{"embeddable":true,"href":"https:\/\/saboresgloriosos.com\/en\/wp-json\/wp\/v2\/users\/1"}],"replies":[{"embeddable":true,"href":"https:\/\/saboresgloriosos.com\/en\/wp-json\/wp\/v2\/comments?post=162"}],"version-history":[{"count":5,"href":"https:\/\/saboresgloriosos.com\/en\/wp-json\/wp\/v2\/pages\/162\/revisions"}],"predecessor-version":[{"id":809,"href":"https:\/\/saboresgloriosos.com\/en\/wp-json\/wp\/v2\/pages\/162\/revisions\/809"}],"wp:attachment":[{"href":"https:\/\/saboresgloriosos.com\/en\/wp-json\/wp\/v2\/media?parent=162"}],"curies":[{"name":"wp","href":"https:\/\/api.w.org\/{rel}","templated":true}]}}